{"id":142,"date":"2025-11-27T20:49:28","date_gmt":"2025-11-27T20:49:28","guid":{"rendered":"https:\/\/knecho.put.poznan.pl\/?page_id=142"},"modified":"2025-12-04T18:32:16","modified_gmt":"2025-12-04T18:32:16","slug":"rekrutacja","status":"publish","type":"page","link":"https:\/\/knecho.put.poznan.pl\/en\/rekrutacja\/","title":{"rendered":""},"content":{"rendered":"<figure class=\"wp-block-image alignwide size-large has-custom-border wp-duotone-111111-ffffff-1\" style=\"margin-top:0;margin-right:0;margin-bottom:0;margin-left:0\"><img loading=\"lazy\" decoding=\"async\" width=\"1024\" height=\"683\" src=\"https:\/\/knecho.put.poznan.pl\/wp-content\/uploads\/2025\/12\/IMG_0189-1-1024x683.jpeg\" alt=\"\" class=\"wp-image-179\" style=\"border-top-left-radius:0px;border-top-right-radius:0px;border-bottom-left-radius:0px;border-bottom-right-radius:0px\" srcset=\"https:\/\/knecho.put.poznan.pl\/wp-content\/uploads\/2025\/12\/IMG_0189-1-1024x683.jpeg 1024w, https:\/\/knecho.put.poznan.pl\/wp-content\/uploads\/2025\/12\/IMG_0189-1-300x200.jpeg 300w, https:\/\/knecho.put.poznan.pl\/wp-content\/uploads\/2025\/12\/IMG_0189-1-768x512.jpeg 768w, https:\/\/knecho.put.poznan.pl\/wp-content\/uploads\/2025\/12\/IMG_0189-1-1536x1024.jpeg 1536w, https:\/\/knecho.put.poznan.pl\/wp-content\/uploads\/2025\/12\/IMG_0189-1-2048x1365.jpeg 2048w, https:\/\/knecho.put.poznan.pl\/wp-content\/uploads\/2025\/12\/IMG_0189-1-18x12.jpeg 18w\" sizes=\"auto, (max-width: 1024px) 100vw, 1024px\" \/><\/figure>\n\n\n\n<div class=\"wp-block-group alignfull is-style-section-1 has-base-background-color has-background has-global-padding is-layout-constrained wp-container-core-group-is-layout-cdf985e3 wp-block-group-is-layout-constrained is-style-section-1--2\" style=\"min-height:100vh;margin-top:0;margin-bottom:0;padding-top:var(--wp--preset--spacing--80);padding-right:var(--wp--preset--spacing--80);padding-bottom:var(--wp--preset--spacing--80);padding-left:var(--wp--preset--spacing--80)\">\n<div class=\"wp-block-columns alignwide are-vertically-aligned-center is-layout-flex wp-container-core-columns-is-layout-643ced6b wp-block-columns-is-layout-flex\">\n<div class=\"wp-block-column is-vertically-aligned-center is-layout-flow wp-block-column-is-layout-flow\">\n<div class=\"wp-block-buttons is-content-justification-center is-layout-flex wp-container-core-buttons-is-layout-a89b3969 wp-block-buttons-is-layout-flex\">\n<div class=\"wp-block-button\"><a class=\"wp-block-button__link has-x-large-font-size has-custom-font-size wp-element-button\" href=\"https:\/\/forms.cloud.microsoft\/r\/Gsj8mKQD2B\">recruitment form<\/a><\/div>\n<\/div>\n<\/div>\n\n\n\n<div class=\"wp-block-column is-vertically-aligned-center is-layout-flow wp-block-column-is-layout-flow\">\n<div class=\"wp-block-group is-vertical is-content-justification-stretch is-layout-flex wp-container-core-group-is-layout-353c4f5a wp-block-group-is-layout-flex\">\n<h2 class=\"wp-block-heading has-text-align-left has-x-large-font-size\"><strong>recruitment for the echo research club<\/strong><\/h2>\n\n\n\n<p class=\"has-medium-font-size\"><strong>to join echo \u2013 fill out our recruitment form and send the recruitment task to our email!<br><br>below you will find more information about the recruitment task.<\/strong><br><br><br><em>soundmap is an initiative of the echo science club, which consists in creating an interactive map of the sounds of Pozna\u0144.<br> <br>the map will feature labels containing characteristic sounds associated with specific places, objects, or phenomena. <br><br>this will create a sound portrait of the city, showing what Pozna\u0144 sounds like in different locations and times of day. <br><br>how will it work? pozna\u0144 will be divided into districts, each with its own scope of activities within the project. the task will be to collect characteristic sounds from specific areas, those that best reflect their atmosphere and specificity. <\/em><br><br><em>what do you need to do? use your phone to record a characteristic sound you come across somewhere \"around town\" \u2013 whether it's on your way home, going out to wroc\u0142awska street in the evening, or waiting at the politechnika stop. <br><br>each recording should be accompanied by a short description including: \u2013 location, i.e. coordinates (e.g. google maps pin), \u2013 date and time, \u2013 short description of the sound source (e.g. tram at a terminus, fountain, church bells, maintenance work, pedestrian traffic etc.). \u2013 a photo of what is making the sound. <br><br>the recordings are made in the natural rhythm of the city, during everyday passages, walks or passing by specific places.<\/em><\/p>\n<\/div>\n<\/div>\n<\/div>\n<\/div>","protected":false},"excerpt":{"rendered":"<p>rekrutacja do ko\u0142a naukowego echo aby do\u0142\u0105czy\u0107 do echo &#8211; wype\u0142nij nasz formularz rekrutacyjny, oraz prze\u015blij zadanie rekrutacyjne na naszego maila! poni\u017cej znajdziesz wi\u0119cej informacji o zadaniu rekrutacyjnym. soundmap to inicjatywa ko\u0142a naukowego echo polegaj\u0105ca na stworzeniu interaktywnej mapy d\u017awi\u0119k\u00f3w poznania. na mapie zostan\u0105 rozmieszczone etykiety zawieraj\u0105ce charakterystyczne d\u017awi\u0119ki zwi\u0105zane z konkretnymi miejscami, obiektami lub [&hellip;]<\/p>\n","protected":false},"author":1,"featured_media":0,"parent":0,"menu_order":0,"comment_status":"closed","ping_status":"closed","template":"","meta":{"footnotes":""},"class_list":["post-142","page","type-page","status-publish","hentry"],"yoast_head":"<!-- This site is optimized with the Yoast SEO plugin v27.5 - https:\/\/yoast.com\/product\/yoast-seo-wordpress\/ -->\n<title>- echo<\/title>\n<meta name=\"robots\" content=\"index, follow, max-snippet:-1, max-image-preview:large, max-video-preview:-1\" \/>\n<link rel=\"canonical\" href=\"https:\/\/knecho.put.poznan.pl\/en\/rekrutacja\/\" \/>\n<meta property=\"og:locale\" content=\"en_GB\" \/>\n<meta property=\"og:type\" content=\"article\" \/>\n<meta property=\"og:title\" content=\"- echo\" \/>\n<meta property=\"og:description\" content=\"rekrutacja do ko\u0142a naukowego echo aby do\u0142\u0105czy\u0107 do echo &#8211; wype\u0142nij nasz formularz rekrutacyjny, oraz prze\u015blij zadanie rekrutacyjne na naszego maila! poni\u017cej znajdziesz wi\u0119cej informacji o zadaniu rekrutacyjnym. soundmap to inicjatywa ko\u0142a naukowego echo polegaj\u0105ca na stworzeniu interaktywnej mapy d\u017awi\u0119k\u00f3w poznania. na mapie zostan\u0105 rozmieszczone etykiety zawieraj\u0105ce charakterystyczne d\u017awi\u0119ki zwi\u0105zane z konkretnymi miejscami, obiektami lub [&hellip;]\" \/>\n<meta property=\"og:url\" content=\"https:\/\/knecho.put.poznan.pl\/en\/rekrutacja\/\" \/>\n<meta property=\"og:site_name\" content=\"echo\" \/>\n<meta property=\"article:publisher\" content=\"https:\/\/www.facebook.com\/profile.php?id=61573775737977\" \/>\n<meta property=\"article:modified_time\" content=\"2025-12-04T18:32:16+00:00\" \/>\n<meta property=\"og:image\" content=\"https:\/\/knecho.put.poznan.pl\/wp-content\/uploads\/2025\/12\/IMG_0189-1-scaled.jpeg\" \/>\n\t<meta property=\"og:image:width\" content=\"2560\" \/>\n\t<meta property=\"og:image:height\" content=\"1707\" \/>\n\t<meta property=\"og:image:type\" content=\"image\/jpeg\" \/>\n<meta name=\"twitter:card\" content=\"summary_large_image\" \/>\n<meta name=\"twitter:label1\" content=\"Estimated reading time\" \/>\n\t<meta name=\"twitter:data1\" content=\"1 minute\" \/>\n<script type=\"application\/ld+json\" class=\"yoast-schema-graph\">{\"@context\":\"https:\\\/\\\/schema.org\",\"@graph\":[{\"@type\":\"WebPage\",\"@id\":\"https:\\\/\\\/knecho.put.poznan.pl\\\/rekrutacja\\\/\",\"url\":\"https:\\\/\\\/knecho.put.poznan.pl\\\/rekrutacja\\\/\",\"name\":\"- echo\",\"isPartOf\":{\"@id\":\"https:\\\/\\\/knecho.put.poznan.pl\\\/#website\"},\"primaryImageOfPage\":{\"@id\":\"https:\\\/\\\/knecho.put.poznan.pl\\\/rekrutacja\\\/#primaryimage\"},\"image\":{\"@id\":\"https:\\\/\\\/knecho.put.poznan.pl\\\/rekrutacja\\\/#primaryimage\"},\"thumbnailUrl\":\"https:\\\/\\\/knecho.put.poznan.pl\\\/wp-content\\\/uploads\\\/2025\\\/12\\\/IMG_0189-1-1024x683.jpeg\",\"datePublished\":\"2025-11-27T20:49:28+00:00\",\"dateModified\":\"2025-12-04T18:32:16+00:00\",\"inLanguage\":\"en-GB\",\"potentialAction\":[{\"@type\":\"ReadAction\",\"target\":[\"https:\\\/\\\/knecho.put.poznan.pl\\\/rekrutacja\\\/\"]}]},{\"@type\":\"ImageObject\",\"inLanguage\":\"en-GB\",\"@id\":\"https:\\\/\\\/knecho.put.poznan.pl\\\/rekrutacja\\\/#primaryimage\",\"url\":\"https:\\\/\\\/knecho.put.poznan.pl\\\/wp-content\\\/uploads\\\/2025\\\/12\\\/IMG_0189-1-1024x683.jpeg\",\"contentUrl\":\"https:\\\/\\\/knecho.put.poznan.pl\\\/wp-content\\\/uploads\\\/2025\\\/12\\\/IMG_0189-1-1024x683.jpeg\"},{\"@type\":\"WebSite\",\"@id\":\"https:\\\/\\\/knecho.put.poznan.pl\\\/#website\",\"url\":\"https:\\\/\\\/knecho.put.poznan.pl\\\/\",\"name\":\"https:\\\/\\\/knecho.put.poznan.pl\",\"description\":\"ko\u0142o naukowe Wydzia\u0142u Architektury Politechniki Pozna\u0144skiej \",\"publisher\":{\"@id\":\"https:\\\/\\\/knecho.put.poznan.pl\\\/#organization\"},\"potentialAction\":[{\"@type\":\"SearchAction\",\"target\":{\"@type\":\"EntryPoint\",\"urlTemplate\":\"https:\\\/\\\/knecho.put.poznan.pl\\\/?s={search_term_string}\"},\"query-input\":{\"@type\":\"PropertyValueSpecification\",\"valueRequired\":true,\"valueName\":\"search_term_string\"}}],\"inLanguage\":\"en-GB\"},{\"@type\":\"Organization\",\"@id\":\"https:\\\/\\\/knecho.put.poznan.pl\\\/#organization\",\"name\":\"kn echo\",\"url\":\"https:\\\/\\\/knecho.put.poznan.pl\\\/\",\"logo\":{\"@type\":\"ImageObject\",\"inLanguage\":\"en-GB\",\"@id\":\"https:\\\/\\\/knecho.put.poznan.pl\\\/#\\\/schema\\\/logo\\\/image\\\/\",\"url\":\"https:\\\/\\\/knecho.put.poznan.pl\\\/wp-content\\\/uploads\\\/2025\\\/11\\\/LOGO_ECHO_KWADRAT-scaled.png\",\"contentUrl\":\"https:\\\/\\\/knecho.put.poznan.pl\\\/wp-content\\\/uploads\\\/2025\\\/11\\\/LOGO_ECHO_KWADRAT-scaled.png\",\"width\":2560,\"height\":2560,\"caption\":\"kn echo\"},\"image\":{\"@id\":\"https:\\\/\\\/knecho.put.poznan.pl\\\/#\\\/schema\\\/logo\\\/image\\\/\"},\"sameAs\":[\"https:\\\/\\\/www.facebook.com\\\/profile.php?id=61573775737977\",\"https:\\\/\\\/www.instagram.com\\\/kn.echo\"]}]}<\/script>\n<!-- \/ Yoast SEO plugin. -->","yoast_head_json":{"title":"- echo","robots":{"index":"index","follow":"follow","max-snippet":"max-snippet:-1","max-image-preview":"max-image-preview:large","max-video-preview":"max-video-preview:-1"},"canonical":"https:\/\/knecho.put.poznan.pl\/en\/rekrutacja\/","og_locale":"en_GB","og_type":"article","og_title":"- echo","og_description":"rekrutacja do ko\u0142a naukowego echo aby do\u0142\u0105czy\u0107 do echo &#8211; wype\u0142nij nasz formularz rekrutacyjny, oraz prze\u015blij zadanie rekrutacyjne na naszego maila! poni\u017cej znajdziesz wi\u0119cej informacji o zadaniu rekrutacyjnym. soundmap to inicjatywa ko\u0142a naukowego echo polegaj\u0105ca na stworzeniu interaktywnej mapy d\u017awi\u0119k\u00f3w poznania. na mapie zostan\u0105 rozmieszczone etykiety zawieraj\u0105ce charakterystyczne d\u017awi\u0119ki zwi\u0105zane z konkretnymi miejscami, obiektami lub [&hellip;]","og_url":"https:\/\/knecho.put.poznan.pl\/en\/rekrutacja\/","og_site_name":"echo","article_publisher":"https:\/\/www.facebook.com\/profile.php?id=61573775737977","article_modified_time":"2025-12-04T18:32:16+00:00","og_image":[{"width":2560,"height":1707,"url":"https:\/\/knecho.put.poznan.pl\/wp-content\/uploads\/2025\/12\/IMG_0189-1-scaled.jpeg","type":"image\/jpeg"}],"twitter_card":"summary_large_image","twitter_misc":{"Estimated reading time":"1 minute"},"schema":{"@context":"https:\/\/schema.org","@graph":[{"@type":"WebPage","@id":"https:\/\/knecho.put.poznan.pl\/rekrutacja\/","url":"https:\/\/knecho.put.poznan.pl\/rekrutacja\/","name":"- echo","isPartOf":{"@id":"https:\/\/knecho.put.poznan.pl\/#website"},"primaryImageOfPage":{"@id":"https:\/\/knecho.put.poznan.pl\/rekrutacja\/#primaryimage"},"image":{"@id":"https:\/\/knecho.put.poznan.pl\/rekrutacja\/#primaryimage"},"thumbnailUrl":"https:\/\/knecho.put.poznan.pl\/wp-content\/uploads\/2025\/12\/IMG_0189-1-1024x683.jpeg","datePublished":"2025-11-27T20:49:28+00:00","dateModified":"2025-12-04T18:32:16+00:00","inLanguage":"en-GB","potentialAction":[{"@type":"ReadAction","target":["https:\/\/knecho.put.poznan.pl\/rekrutacja\/"]}]},{"@type":"ImageObject","inLanguage":"en-GB","@id":"https:\/\/knecho.put.poznan.pl\/rekrutacja\/#primaryimage","url":"https:\/\/knecho.put.poznan.pl\/wp-content\/uploads\/2025\/12\/IMG_0189-1-1024x683.jpeg","contentUrl":"https:\/\/knecho.put.poznan.pl\/wp-content\/uploads\/2025\/12\/IMG_0189-1-1024x683.jpeg"},{"@type":"WebSite","@id":"https:\/\/knecho.put.poznan.pl\/#website","url":"https:\/\/knecho.put.poznan.pl\/","name":"https:\/\/knecho.put.poznan.pl","description":"student research group of the Faculty of Architecture of the Pozna\u0144 University of Technology","publisher":{"@id":"https:\/\/knecho.put.poznan.pl\/#organization"},"potentialAction":[{"@type":"SearchAction","target":{"@type":"EntryPoint","urlTemplate":"https:\/\/knecho.put.poznan.pl\/?s={search_term_string}"},"query-input":{"@type":"PropertyValueSpecification","valueRequired":true,"valueName":"search_term_string"}}],"inLanguage":"en-GB"},{"@type":"Organization","@id":"https:\/\/knecho.put.poznan.pl\/#organization","name":"kn echo","url":"https:\/\/knecho.put.poznan.pl\/","logo":{"@type":"ImageObject","inLanguage":"en-GB","@id":"https:\/\/knecho.put.poznan.pl\/#\/schema\/logo\/image\/","url":"https:\/\/knecho.put.poznan.pl\/wp-content\/uploads\/2025\/11\/LOGO_ECHO_KWADRAT-scaled.png","contentUrl":"https:\/\/knecho.put.poznan.pl\/wp-content\/uploads\/2025\/11\/LOGO_ECHO_KWADRAT-scaled.png","width":2560,"height":2560,"caption":"kn echo"},"image":{"@id":"https:\/\/knecho.put.poznan.pl\/#\/schema\/logo\/image\/"},"sameAs":["https:\/\/www.facebook.com\/profile.php?id=61573775737977","https:\/\/www.instagram.com\/kn.echo"]}]}},"_links":{"self":[{"href":"https:\/\/knecho.put.poznan.pl\/en\/wp-json\/wp\/v2\/pages\/142","targetHints":{"allow":["GET"]}}],"collection":[{"href":"https:\/\/knecho.put.poznan.pl\/en\/wp-json\/wp\/v2\/pages"}],"about":[{"href":"https:\/\/knecho.put.poznan.pl\/en\/wp-json\/wp\/v2\/types\/page"}],"author":[{"embeddable":true,"href":"https:\/\/knecho.put.poznan.pl\/en\/wp-json\/wp\/v2\/users\/1"}],"replies":[{"embeddable":true,"href":"https:\/\/knecho.put.poznan.pl\/en\/wp-json\/wp\/v2\/comments?post=142"}],"version-history":[{"count":12,"href":"https:\/\/knecho.put.poznan.pl\/en\/wp-json\/wp\/v2\/pages\/142\/revisions"}],"predecessor-version":[{"id":183,"href":"https:\/\/knecho.put.poznan.pl\/en\/wp-json\/wp\/v2\/pages\/142\/revisions\/183"}],"wp:attachment":[{"href":"https:\/\/knecho.put.poznan.pl\/en\/wp-json\/wp\/v2\/media?parent=142"}],"curies":[{"name":"wp","href":"https:\/\/api.w.org\/{rel}","templated":true}]}}