{"id":168,"date":"2025-12-04T17:43:46","date_gmt":"2025-12-04T17:43:46","guid":{"rendered":"https:\/\/knecho.put.poznan.pl\/?page_id=168"},"modified":"2025-12-04T18:31:02","modified_gmt":"2025-12-04T18:31:02","slug":"soundmap","status":"publish","type":"page","link":"https:\/\/knecho.put.poznan.pl\/en\/soundmap\/","title":{"rendered":""},"content":{"rendered":"<div class=\"wp-block-cover alignfull is-light has-contrast-color has-text-color has-link-color wp-elements-1a15a168af626bb201692033e7eef14b\" style=\"margin-top:0;margin-bottom:0;padding-top:0;padding-right:var(--wp--preset--spacing--50);padding-bottom:0;padding-left:var(--wp--preset--spacing--50)\"><span aria-hidden=\"true\" class=\"wp-block-cover__background has-base-background-color has-background-dim-100 has-background-dim\"><\/span><div class=\"wp-block-cover__inner-container has-global-padding is-layout-constrained wp-container-core-cover-is-layout-e130e798 wp-block-cover-is-layout-constrained\">\n<div class=\"wp-block-cover alignfull has-custom-content-position is-position-top-center\" style=\"margin-top:0;padding-top:0vw;padding-right:12vw;padding-bottom:0vw;padding-left:12vw\"><span aria-hidden=\"true\" class=\"wp-block-cover__background has-accent-6-background-color has-background-dim-100 has-background-dim\"><\/span><div class=\"wp-block-cover__inner-container is-layout-flow wp-block-cover-is-layout-flow\">\n<div class=\"wp-block-group is-content-justification-space-between is-layout-flex wp-container-core-group-is-layout-07efc5f8 wp-block-group-is-layout-flex\" style=\"padding-right:0;padding-left:0\">\n<div class=\"wp-block-cover has-custom-content-position is-position-top-right wp-container-content-ceb7f5b3 wp-duotone-unset-1\" style=\"padding-top:4vw;padding-right:4vw;padding-bottom:4vw;padding-left:4vw;min-height:75px;aspect-ratio:unset;\"><img loading=\"lazy\" decoding=\"async\" width=\"1024\" height=\"712\" class=\"wp-block-cover__image-background wp-image-149 size-large\" alt=\"\" src=\"https:\/\/knecho.put.poznan.pl\/wp-content\/uploads\/2025\/11\/Zrzut-ekranu-2025-11-27-220906-1024x712.png\" data-object-fit=\"cover\" srcset=\"https:\/\/knecho.put.poznan.pl\/wp-content\/uploads\/2025\/11\/Zrzut-ekranu-2025-11-27-220906-1024x712.png 1024w, https:\/\/knecho.put.poznan.pl\/wp-content\/uploads\/2025\/11\/Zrzut-ekranu-2025-11-27-220906-300x208.png 300w, https:\/\/knecho.put.poznan.pl\/wp-content\/uploads\/2025\/11\/Zrzut-ekranu-2025-11-27-220906-768x534.png 768w, https:\/\/knecho.put.poznan.pl\/wp-content\/uploads\/2025\/11\/Zrzut-ekranu-2025-11-27-220906.png 1278w\" sizes=\"auto, (max-width: 1024px) 100vw, 1024px\" \/><span aria-hidden=\"true\" class=\"wp-block-cover__background has-background-dim\" style=\"background-color:#353433\"><\/span><div class=\"wp-block-cover__inner-container is-layout-flow wp-block-cover-is-layout-flow\">\n<div class=\"wp-block-group is-vertical is-content-justification-right is-nowrap is-layout-flex wp-container-core-group-is-layout-67854338 wp-block-group-is-layout-flex\">\n<p class=\"has-text-color\" style=\"color:#ed7739;font-size:clamp(65.143px, 4.071rem + ((1vw - 3.2px) * 7.339), 140px);font-style:normal;font-weight:800;letter-spacing:-6px;line-height:0.8;text-transform:uppercase\">sound<\/p>\n\n\n\n<p class=\"has-text-color\" style=\"color:#ed7739;font-size:clamp(61.532px, 3.846rem + ((1vw - 3.2px) * 6.713), 130px);font-style:normal;font-weight:800;letter-spacing:-6px;line-height:0.8;text-transform:uppercase\">map<\/p>\n\n\n\n<p class=\"has-text-align-center has-base-color has-text-color\" style=\"font-size:clamp(34.313px, 2.145rem + ((1vw - 3.2px) * 2.714), 62px);font-style:normal;font-weight:800;letter-spacing:0px;line-height:1;text-transform:uppercase\">Pozna\u0144<\/p>\n<\/div>\n<\/div><\/div>\n\n\n\n<div class=\"wp-block-group wp-container-content-d387280b is-vertical is-content-justification-center is-nowrap is-layout-flex wp-container-core-group-is-layout-c5af70a6 wp-block-group-is-layout-flex\">\n<p class=\"has-contrast-color has-text-color\" style=\"font-size:clamp(14px, 0.875rem + ((1vw - 3.2px) * 0.392), 18px);font-style:normal;font-weight:400;letter-spacing:0px;line-height:1.7\"><em>soundmap is an initiative of the echo science club, which consists in creating an interactive map of the sounds of Pozna\u0144.<br><br>labels containing characteristic sounds associated with specific places, objects or phenomena will be placed on the map.<br><br>this will create a sound portrait of the city, showing what Pozna\u0144 sounds like in different locations and times of day.<br><br>how will it work? pozna\u0144 will be divided into districts, each with its own scope of activities within the project. the task will be to collect characteristic sounds from specific areas, those that best reflect their atmosphere and specificity.<\/em><\/p>\n\n\n\n<p class=\"has-contrast-color has-text-color\" style=\"font-size:clamp(14px, 0.875rem + ((1vw - 3.2px) * 0.392), 18px);font-style:normal;font-weight:400;letter-spacing:0px;line-height:1.7\"><em>the recordings are made in the natural rhythm of the city, during everyday passages, walks or passing by specific places.<\/em><\/p>\n\n\n\n<p class=\"has-text-color\" style=\"color:#e59937;font-size:clamp(14px, 0.875rem + ((1vw - 3.2px) * 0.392), 18px);font-style:normal;font-weight:400;letter-spacing:0px;line-height:1.7\"><\/p>\n\n\n\n<div class=\"wp-block-buttons is-content-justification-center is-nowrap is-layout-flex wp-container-core-buttons-is-layout-9a9777ff wp-block-buttons-is-layout-flex\">\n<div class=\"wp-block-button\"><a class=\"wp-block-button__link has-xx-large-font-size has-custom-font-size wp-element-button\" href=\"https:\/\/umap.openstreetmap.fr\/pl\/map\/soundmap-poznan_1324039#11\/52.4060\/16.9244\">SOUNDMAP<\/a><\/div>\n<\/div>\n\n\n\n<div style=\"height:0px\" aria-hidden=\"true\" class=\"wp-block-spacer wp-container-content-85b6a097\"><\/div>\n<\/div>\n<\/div>\n<\/div><\/div>\n<\/div><\/div>\n\n\n\n<p><\/p>","protected":false},"excerpt":{"rendered":"","protected":false},"author":1,"featured_media":0,"parent":0,"menu_order":0,"comment_status":"closed","ping_status":"closed","template":"","meta":{"footnotes":""},"class_list":["post-168","page","type-page","status-publish","hentry"],"yoast_head":"<!-- This site is optimized with the Yoast SEO plugin v27.5 - https:\/\/yoast.com\/product\/yoast-seo-wordpress\/ -->\n<title>- echo<\/title>\n<meta name=\"robots\" content=\"index, follow, max-snippet:-1, max-image-preview:large, max-video-preview:-1\" \/>\n<link rel=\"canonical\" href=\"https:\/\/knecho.put.poznan.pl\/en\/soundmap\/\" \/>\n<meta property=\"og:locale\" content=\"en_GB\" \/>\n<meta property=\"og:type\" content=\"article\" \/>\n<meta property=\"og:title\" content=\"- echo\" \/>\n<meta property=\"og:url\" content=\"https:\/\/knecho.put.poznan.pl\/en\/soundmap\/\" \/>\n<meta property=\"og:site_name\" content=\"echo\" \/>\n<meta property=\"article:publisher\" content=\"https:\/\/www.facebook.com\/profile.php?id=61573775737977\" \/>\n<meta property=\"article:modified_time\" content=\"2025-12-04T18:31:02+00:00\" \/>\n<meta property=\"og:image\" content=\"https:\/\/knecho.put.poznan.pl\/wp-content\/uploads\/2025\/11\/Zrzut-ekranu-2025-11-27-220906.png\" \/>\n\t<meta property=\"og:image:width\" content=\"1278\" \/>\n\t<meta property=\"og:image:height\" content=\"888\" \/>\n\t<meta property=\"og:image:type\" content=\"image\/png\" \/>\n<meta name=\"twitter:card\" content=\"summary_large_image\" \/>\n<meta name=\"twitter:label1\" content=\"Estimated reading time\" \/>\n\t<meta name=\"twitter:data1\" content=\"1 minute\" \/>\n<script type=\"application\/ld+json\" class=\"yoast-schema-graph\">{\"@context\":\"https:\\\/\\\/schema.org\",\"@graph\":[{\"@type\":\"WebPage\",\"@id\":\"https:\\\/\\\/knecho.put.poznan.pl\\\/soundmap\\\/\",\"url\":\"https:\\\/\\\/knecho.put.poznan.pl\\\/soundmap\\\/\",\"name\":\"- echo\",\"isPartOf\":{\"@id\":\"https:\\\/\\\/knecho.put.poznan.pl\\\/#website\"},\"primaryImageOfPage\":{\"@id\":\"https:\\\/\\\/knecho.put.poznan.pl\\\/soundmap\\\/#primaryimage\"},\"image\":{\"@id\":\"https:\\\/\\\/knecho.put.poznan.pl\\\/soundmap\\\/#primaryimage\"},\"thumbnailUrl\":\"https:\\\/\\\/knecho.put.poznan.pl\\\/wp-content\\\/uploads\\\/2025\\\/11\\\/Zrzut-ekranu-2025-11-27-220906-1024x712.png\",\"datePublished\":\"2025-12-04T17:43:46+00:00\",\"dateModified\":\"2025-12-04T18:31:02+00:00\",\"inLanguage\":\"en-GB\",\"potentialAction\":[{\"@type\":\"ReadAction\",\"target\":[\"https:\\\/\\\/knecho.put.poznan.pl\\\/soundmap\\\/\"]}]},{\"@type\":\"ImageObject\",\"inLanguage\":\"en-GB\",\"@id\":\"https:\\\/\\\/knecho.put.poznan.pl\\\/soundmap\\\/#primaryimage\",\"url\":\"https:\\\/\\\/knecho.put.poznan.pl\\\/wp-content\\\/uploads\\\/2025\\\/11\\\/Zrzut-ekranu-2025-11-27-220906-1024x712.png\",\"contentUrl\":\"https:\\\/\\\/knecho.put.poznan.pl\\\/wp-content\\\/uploads\\\/2025\\\/11\\\/Zrzut-ekranu-2025-11-27-220906-1024x712.png\"},{\"@type\":\"WebSite\",\"@id\":\"https:\\\/\\\/knecho.put.poznan.pl\\\/#website\",\"url\":\"https:\\\/\\\/knecho.put.poznan.pl\\\/\",\"name\":\"https:\\\/\\\/knecho.put.poznan.pl\",\"description\":\"ko\u0142o naukowe Wydzia\u0142u Architektury Politechniki Pozna\u0144skiej \",\"publisher\":{\"@id\":\"https:\\\/\\\/knecho.put.poznan.pl\\\/#organization\"},\"potentialAction\":[{\"@type\":\"SearchAction\",\"target\":{\"@type\":\"EntryPoint\",\"urlTemplate\":\"https:\\\/\\\/knecho.put.poznan.pl\\\/?s={search_term_string}\"},\"query-input\":{\"@type\":\"PropertyValueSpecification\",\"valueRequired\":true,\"valueName\":\"search_term_string\"}}],\"inLanguage\":\"en-GB\"},{\"@type\":\"Organization\",\"@id\":\"https:\\\/\\\/knecho.put.poznan.pl\\\/#organization\",\"name\":\"kn echo\",\"url\":\"https:\\\/\\\/knecho.put.poznan.pl\\\/\",\"logo\":{\"@type\":\"ImageObject\",\"inLanguage\":\"en-GB\",\"@id\":\"https:\\\/\\\/knecho.put.poznan.pl\\\/#\\\/schema\\\/logo\\\/image\\\/\",\"url\":\"https:\\\/\\\/knecho.put.poznan.pl\\\/wp-content\\\/uploads\\\/2025\\\/11\\\/LOGO_ECHO_KWADRAT-scaled.png\",\"contentUrl\":\"https:\\\/\\\/knecho.put.poznan.pl\\\/wp-content\\\/uploads\\\/2025\\\/11\\\/LOGO_ECHO_KWADRAT-scaled.png\",\"width\":2560,\"height\":2560,\"caption\":\"kn echo\"},\"image\":{\"@id\":\"https:\\\/\\\/knecho.put.poznan.pl\\\/#\\\/schema\\\/logo\\\/image\\\/\"},\"sameAs\":[\"https:\\\/\\\/www.facebook.com\\\/profile.php?id=61573775737977\",\"https:\\\/\\\/www.instagram.com\\\/kn.echo\"]}]}<\/script>\n<!-- \/ Yoast SEO plugin. -->","yoast_head_json":{"title":"- echo","robots":{"index":"index","follow":"follow","max-snippet":"max-snippet:-1","max-image-preview":"max-image-preview:large","max-video-preview":"max-video-preview:-1"},"canonical":"https:\/\/knecho.put.poznan.pl\/en\/soundmap\/","og_locale":"en_GB","og_type":"article","og_title":"- echo","og_url":"https:\/\/knecho.put.poznan.pl\/en\/soundmap\/","og_site_name":"echo","article_publisher":"https:\/\/www.facebook.com\/profile.php?id=61573775737977","article_modified_time":"2025-12-04T18:31:02+00:00","og_image":[{"width":1278,"height":888,"url":"https:\/\/knecho.put.poznan.pl\/wp-content\/uploads\/2025\/11\/Zrzut-ekranu-2025-11-27-220906.png","type":"image\/png"}],"twitter_card":"summary_large_image","twitter_misc":{"Estimated reading time":"1 minute"},"schema":{"@context":"https:\/\/schema.org","@graph":[{"@type":"WebPage","@id":"https:\/\/knecho.put.poznan.pl\/soundmap\/","url":"https:\/\/knecho.put.poznan.pl\/soundmap\/","name":"- echo","isPartOf":{"@id":"https:\/\/knecho.put.poznan.pl\/#website"},"primaryImageOfPage":{"@id":"https:\/\/knecho.put.poznan.pl\/soundmap\/#primaryimage"},"image":{"@id":"https:\/\/knecho.put.poznan.pl\/soundmap\/#primaryimage"},"thumbnailUrl":"https:\/\/knecho.put.poznan.pl\/wp-content\/uploads\/2025\/11\/Zrzut-ekranu-2025-11-27-220906-1024x712.png","datePublished":"2025-12-04T17:43:46+00:00","dateModified":"2025-12-04T18:31:02+00:00","inLanguage":"en-GB","potentialAction":[{"@type":"ReadAction","target":["https:\/\/knecho.put.poznan.pl\/soundmap\/"]}]},{"@type":"ImageObject","inLanguage":"en-GB","@id":"https:\/\/knecho.put.poznan.pl\/soundmap\/#primaryimage","url":"https:\/\/knecho.put.poznan.pl\/wp-content\/uploads\/2025\/11\/Zrzut-ekranu-2025-11-27-220906-1024x712.png","contentUrl":"https:\/\/knecho.put.poznan.pl\/wp-content\/uploads\/2025\/11\/Zrzut-ekranu-2025-11-27-220906-1024x712.png"},{"@type":"WebSite","@id":"https:\/\/knecho.put.poznan.pl\/#website","url":"https:\/\/knecho.put.poznan.pl\/","name":"https:\/\/knecho.put.poznan.pl","description":"student research group of the Faculty of Architecture of the Pozna\u0144 University of Technology","publisher":{"@id":"https:\/\/knecho.put.poznan.pl\/#organization"},"potentialAction":[{"@type":"SearchAction","target":{"@type":"EntryPoint","urlTemplate":"https:\/\/knecho.put.poznan.pl\/?s={search_term_string}"},"query-input":{"@type":"PropertyValueSpecification","valueRequired":true,"valueName":"search_term_string"}}],"inLanguage":"en-GB"},{"@type":"Organization","@id":"https:\/\/knecho.put.poznan.pl\/#organization","name":"kn echo","url":"https:\/\/knecho.put.poznan.pl\/","logo":{"@type":"ImageObject","inLanguage":"en-GB","@id":"https:\/\/knecho.put.poznan.pl\/#\/schema\/logo\/image\/","url":"https:\/\/knecho.put.poznan.pl\/wp-content\/uploads\/2025\/11\/LOGO_ECHO_KWADRAT-scaled.png","contentUrl":"https:\/\/knecho.put.poznan.pl\/wp-content\/uploads\/2025\/11\/LOGO_ECHO_KWADRAT-scaled.png","width":2560,"height":2560,"caption":"kn echo"},"image":{"@id":"https:\/\/knecho.put.poznan.pl\/#\/schema\/logo\/image\/"},"sameAs":["https:\/\/www.facebook.com\/profile.php?id=61573775737977","https:\/\/www.instagram.com\/kn.echo"]}]}},"_links":{"self":[{"href":"https:\/\/knecho.put.poznan.pl\/en\/wp-json\/wp\/v2\/pages\/168","targetHints":{"allow":["GET"]}}],"collection":[{"href":"https:\/\/knecho.put.poznan.pl\/en\/wp-json\/wp\/v2\/pages"}],"about":[{"href":"https:\/\/knecho.put.poznan.pl\/en\/wp-json\/wp\/v2\/types\/page"}],"author":[{"embeddable":true,"href":"https:\/\/knecho.put.poznan.pl\/en\/wp-json\/wp\/v2\/users\/1"}],"replies":[{"embeddable":true,"href":"https:\/\/knecho.put.poznan.pl\/en\/wp-json\/wp\/v2\/comments?post=168"}],"version-history":[{"count":10,"href":"https:\/\/knecho.put.poznan.pl\/en\/wp-json\/wp\/v2\/pages\/168\/revisions"}],"predecessor-version":[{"id":190,"href":"https:\/\/knecho.put.poznan.pl\/en\/wp-json\/wp\/v2\/pages\/168\/revisions\/190"}],"wp:attachment":[{"href":"https:\/\/knecho.put.poznan.pl\/en\/wp-json\/wp\/v2\/media?parent=168"}],"curies":[{"name":"wp","href":"https:\/\/api.w.org\/{rel}","templated":true}]}}